{"id":4430,"date":"2015-03-25T09:50:13","date_gmt":"2015-03-25T08:50:13","guid":{"rendered":"https:\/\/hotelchic.it\/fr\/home.html"},"modified":"2020-09-14T15:36:24","modified_gmt":"2020-09-14T13:36:24","slug":"home","status":"publish","type":"page","link":"https:\/\/www.hotelchic.it\/fr","title":{"rendered":"Hotel Chic, Votre 3 \u00e9toiles \u00e0 Cattolica"},"content":{"rendered":"","protected":false},"excerpt":{"rendered":"","protected":false},"author":22,"featured_media":0,"parent":0,"menu_order":0,"comment_status":"closed","ping_status":"closed","template":"","meta":{"_acf_changed":false,"footnotes":""},"class_list":["post-4430","page","type-page","status-publish","hentry"],"acf":[],"yoast_head":"<!-- This site is optimized with the Yoast SEO plugin v27.3 - https:\/\/yoast.com\/product\/yoast-seo-wordpress\/ -->\n<title>H\u00f4tel famille proche de la mer - Hotel Chic 3 \u00e9toiles Cattolica<\/title>\n<meta name=\"description\" content=\"Dans le c\u0153ur de Cattolica, \u00e0 quelques m\u00e8tres de la mer, \u00e9quip\u00e9 de tout le confort et est renomm\u00e9e pour sa brillante atmosph\u00e8re familiale et accueillante.\" \/>\n<meta name=\"robots\" content=\"index, follow, max-snippet:-1, max-image-preview:large, max-video-preview:-1\" \/>\n<link rel=\"canonical\" href=\"https:\/\/www.hotelchic.it\/fr\/home.html\" \/>\n<meta property=\"og:locale\" content=\"fr_FR\" \/>\n<meta property=\"og:type\" content=\"article\" \/>\n<meta property=\"og:title\" content=\"H\u00f4tel famille proche de la mer - Hotel Chic 3 \u00e9toiles Cattolica\" \/>\n<meta property=\"og:description\" content=\"Dans le c\u0153ur de Cattolica, \u00e0 quelques m\u00e8tres de la mer, \u00e9quip\u00e9 de tout le confort et est renomm\u00e9e pour sa brillante atmosph\u00e8re familiale et accueillante.\" \/>\n<meta property=\"og:url\" content=\"https:\/\/www.hotelchic.it\/fr\/home.html\" \/>\n<meta property=\"og:site_name\" content=\"Hotel Chic\" \/>\n<meta property=\"article:modified_time\" content=\"2020-09-14T13:36:24+00:00\" \/>\n<script type=\"application\/ld+json\" class=\"yoast-schema-graph\">{\"@context\":\"https:\\\/\\\/schema.org\",\"@graph\":[{\"@type\":\"WebPage\",\"@id\":\"https:\\\/\\\/www.hotelchic.it\\\/fr\\\/home.html\",\"url\":\"https:\\\/\\\/www.hotelchic.it\\\/fr\\\/home.html\",\"name\":\"H\u00f4tel famille proche de la mer - Hotel Chic 3 \u00e9toiles Cattolica\",\"isPartOf\":{\"@id\":\"https:\\\/\\\/www.hotelchic.it\\\/#website\"},\"datePublished\":\"2015-03-25T08:50:13+00:00\",\"dateModified\":\"2020-09-14T13:36:24+00:00\",\"description\":\"Dans le c\u0153ur de Cattolica, \u00e0 quelques m\u00e8tres de la mer, \u00e9quip\u00e9 de tout le confort et est renomm\u00e9e pour sa brillante atmosph\u00e8re familiale et accueillante.\",\"breadcrumb\":{\"@id\":\"https:\\\/\\\/www.hotelchic.it\\\/fr\\\/home.html#breadcrumb\"},\"inLanguage\":\"fr-FR\",\"potentialAction\":[{\"@type\":\"ReadAction\",\"target\":[\"https:\\\/\\\/www.hotelchic.it\\\/fr\\\/home.html\"]}]},{\"@type\":\"BreadcrumbList\",\"@id\":\"https:\\\/\\\/www.hotelchic.it\\\/fr\\\/home.html#breadcrumb\",\"itemListElement\":[{\"@type\":\"ListItem\",\"position\":1,\"name\":\"Home\",\"item\":\"https:\\\/\\\/www.hotelchic.it\\\/fr\\\/home.html\"},{\"@type\":\"ListItem\",\"position\":2,\"name\":\"Hotel Chic, Votre 3 \u00e9toiles \u00e0 Cattolica\"}]},{\"@type\":\"WebSite\",\"@id\":\"https:\\\/\\\/www.hotelchic.it\\\/#website\",\"url\":\"https:\\\/\\\/www.hotelchic.it\\\/\",\"name\":\"Hotel Chic\",\"description\":\"Un nuovo sito targato WordPress\",\"potentialAction\":[{\"@type\":\"SearchAction\",\"target\":{\"@type\":\"EntryPoint\",\"urlTemplate\":\"https:\\\/\\\/www.hotelchic.it\\\/?s={search_term_string}\"},\"query-input\":{\"@type\":\"PropertyValueSpecification\",\"valueRequired\":true,\"valueName\":\"search_term_string\"}}],\"inLanguage\":\"fr-FR\"}]}<\/script>\n<!-- \/ Yoast SEO plugin. -->","yoast_head_json":{"title":"H\u00f4tel famille proche de la mer - Hotel Chic 3 \u00e9toiles Cattolica","description":"Dans le c\u0153ur de Cattolica, \u00e0 quelques m\u00e8tres de la mer, \u00e9quip\u00e9 de tout le confort et est renomm\u00e9e pour sa brillante atmosph\u00e8re familiale et accueillante.","robots":{"index":"index","follow":"follow","max-snippet":"max-snippet:-1","max-image-preview":"max-image-preview:large","max-video-preview":"max-video-preview:-1"},"canonical":"https:\/\/www.hotelchic.it\/fr\/home.html","og_locale":"fr_FR","og_type":"article","og_title":"H\u00f4tel famille proche de la mer - Hotel Chic 3 \u00e9toiles Cattolica","og_description":"Dans le c\u0153ur de Cattolica, \u00e0 quelques m\u00e8tres de la mer, \u00e9quip\u00e9 de tout le confort et est renomm\u00e9e pour sa brillante atmosph\u00e8re familiale et accueillante.","og_url":"https:\/\/www.hotelchic.it\/fr\/home.html","og_site_name":"Hotel Chic","article_modified_time":"2020-09-14T13:36:24+00:00","schema":{"@context":"https:\/\/schema.org","@graph":[{"@type":"WebPage","@id":"https:\/\/www.hotelchic.it\/fr\/home.html","url":"https:\/\/www.hotelchic.it\/fr\/home.html","name":"H\u00f4tel famille proche de la mer - Hotel Chic 3 \u00e9toiles Cattolica","isPartOf":{"@id":"https:\/\/www.hotelchic.it\/#website"},"datePublished":"2015-03-25T08:50:13+00:00","dateModified":"2020-09-14T13:36:24+00:00","description":"Dans le c\u0153ur de Cattolica, \u00e0 quelques m\u00e8tres de la mer, \u00e9quip\u00e9 de tout le confort et est renomm\u00e9e pour sa brillante atmosph\u00e8re familiale et accueillante.","breadcrumb":{"@id":"https:\/\/www.hotelchic.it\/fr\/home.html#breadcrumb"},"inLanguage":"fr-FR","potentialAction":[{"@type":"ReadAction","target":["https:\/\/www.hotelchic.it\/fr\/home.html"]}]},{"@type":"BreadcrumbList","@id":"https:\/\/www.hotelchic.it\/fr\/home.html#breadcrumb","itemListElement":[{"@type":"ListItem","position":1,"name":"Home","item":"https:\/\/www.hotelchic.it\/fr\/home.html"},{"@type":"ListItem","position":2,"name":"Hotel Chic, Votre 3 \u00e9toiles \u00e0 Cattolica"}]},{"@type":"WebSite","@id":"https:\/\/www.hotelchic.it\/#website","url":"https:\/\/www.hotelchic.it\/","name":"Hotel Chic","description":"Un nuovo sito targato WordPress","potentialAction":[{"@type":"SearchAction","target":{"@type":"EntryPoint","urlTemplate":"https:\/\/www.hotelchic.it\/?s={search_term_string}"},"query-input":{"@type":"PropertyValueSpecification","valueRequired":true,"valueName":"search_term_string"}}],"inLanguage":"fr-FR"}]}},"publishpress_future_action":{"enabled":false,"date":"2026-04-12 17:33:31","action":"change-status","newStatus":"draft","terms":[],"taxonomy":"translation_priority","extraData":[]},"publishpress_future_workflow_manual_trigger":{"enabledWorkflows":[]},"_links":{"self":[{"href":"https:\/\/www.hotelchic.it\/fr\/wp-json\/wp\/v2\/pages\/4430","targetHints":{"allow":["GET"]}}],"collection":[{"href":"https:\/\/www.hotelchic.it\/fr\/wp-json\/wp\/v2\/pages"}],"about":[{"href":"https:\/\/www.hotelchic.it\/fr\/wp-json\/wp\/v2\/types\/page"}],"author":[{"embeddable":true,"href":"https:\/\/www.hotelchic.it\/fr\/wp-json\/wp\/v2\/users\/22"}],"replies":[{"embeddable":true,"href":"https:\/\/www.hotelchic.it\/fr\/wp-json\/wp\/v2\/comments?post=4430"}],"version-history":[{"count":13,"href":"https:\/\/www.hotelchic.it\/fr\/wp-json\/wp\/v2\/pages\/4430\/revisions"}],"predecessor-version":[{"id":6973,"href":"https:\/\/www.hotelchic.it\/fr\/wp-json\/wp\/v2\/pages\/4430\/revisions\/6973"}],"wp:attachment":[{"href":"https:\/\/www.hotelchic.it\/fr\/wp-json\/wp\/v2\/media?parent=4430"}],"curies":[{"name":"wp","href":"https:\/\/api.w.org\/{rel}","templated":true}]}}