{"id":4435,"date":"2015-10-23T17:04:00","date_gmt":"2015-10-23T15:04:00","guid":{"rendered":"https:\/\/hotelchic.it\/fr\/?page_id=4435"},"modified":"2019-02-02T18:43:29","modified_gmt":"2019-02-02T17:43:29","slug":"la-plage-de-cattolica","status":"publish","type":"page","link":"https:\/\/www.hotelchic.it\/fr\/la-plage-de-cattolica.html","title":{"rendered":"La Plage"},"content":{"rendered":"","protected":false},"excerpt":{"rendered":"","protected":false},"author":22,"featured_media":4577,"parent":0,"menu_order":0,"comment_status":"closed","ping_status":"closed","template":"","meta":{"_acf_changed":false,"footnotes":""},"class_list":["post-4435","page","type-page","status-publish","has-post-thumbnail","hentry"],"acf":[],"yoast_head":"<!-- This site is optimized with the Yoast SEO plugin v27.4 - https:\/\/yoast.com\/product\/yoast-seo-wordpress\/ -->\n<title>Services Plage Priv\u00e9e | Hotel Chic 3 \u00e9toiles<\/title>\n<meta name=\"description\" content=\"Hotel Chic propose de nombreux services gratuits pour un s\u00e9jour d\u00e9di\u00e9 au bien-\u00eatre, de d\u00e9tente, de divertissement et beaucoup de sport.\" \/>\n<meta name=\"robots\" content=\"index, follow, max-snippet:-1, max-image-preview:large, max-video-preview:-1\" \/>\n<link rel=\"canonical\" href=\"https:\/\/www.hotelchic.it\/fr\/la-plage-de-cattolica.html\" \/>\n<meta property=\"og:locale\" content=\"fr_FR\" \/>\n<meta property=\"og:type\" content=\"article\" \/>\n<meta property=\"og:title\" content=\"Services Plage Priv\u00e9e | Hotel Chic 3 \u00e9toiles\" \/>\n<meta property=\"og:description\" content=\"Hotel Chic propose de nombreux services gratuits pour un s\u00e9jour d\u00e9di\u00e9 au bien-\u00eatre, de d\u00e9tente, de divertissement et beaucoup de sport.\" \/>\n<meta property=\"og:url\" content=\"https:\/\/www.hotelchic.it\/fr\/la-plage-de-cattolica.html\" \/>\n<meta property=\"og:site_name\" content=\"Hotel Chic\" \/>\n<meta property=\"article:modified_time\" content=\"2019-02-02T17:43:29+00:00\" \/>\n<meta property=\"og:image\" content=\"https:\/\/www.hotelchic.it\/wp-content\/uploads\/2015\/10\/spiaggia1.jpg\" \/>\n\t<meta property=\"og:image:width\" content=\"1280\" \/>\n\t<meta property=\"og:image:height\" content=\"800\" \/>\n\t<meta property=\"og:image:type\" content=\"image\/jpeg\" \/>\n<script type=\"application\/ld+json\" class=\"yoast-schema-graph\">{\"@context\":\"https:\\\/\\\/schema.org\",\"@graph\":[{\"@type\":\"WebPage\",\"@id\":\"https:\\\/\\\/www.hotelchic.it\\\/fr\\\/la-plage-de-cattolica.html\",\"url\":\"https:\\\/\\\/www.hotelchic.it\\\/fr\\\/la-plage-de-cattolica.html\",\"name\":\"Services Plage Priv\u00e9e | Hotel Chic 3 \u00e9toiles\",\"isPartOf\":{\"@id\":\"https:\\\/\\\/www.hotelchic.it\\\/#website\"},\"primaryImageOfPage\":{\"@id\":\"https:\\\/\\\/www.hotelchic.it\\\/fr\\\/la-plage-de-cattolica.html#primaryimage\"},\"image\":{\"@id\":\"https:\\\/\\\/www.hotelchic.it\\\/fr\\\/la-plage-de-cattolica.html#primaryimage\"},\"thumbnailUrl\":\"https:\\\/\\\/www.hotelchic.it\\\/wp-content\\\/uploads\\\/2015\\\/10\\\/spiaggia1.jpg\",\"datePublished\":\"2015-10-23T15:04:00+00:00\",\"dateModified\":\"2019-02-02T17:43:29+00:00\",\"description\":\"Hotel Chic propose de nombreux services gratuits pour un s\u00e9jour d\u00e9di\u00e9 au bien-\u00eatre, de d\u00e9tente, de divertissement et beaucoup de sport.\",\"breadcrumb\":{\"@id\":\"https:\\\/\\\/www.hotelchic.it\\\/fr\\\/la-plage-de-cattolica.html#breadcrumb\"},\"inLanguage\":\"fr-FR\",\"potentialAction\":[{\"@type\":\"ReadAction\",\"target\":[\"https:\\\/\\\/www.hotelchic.it\\\/fr\\\/la-plage-de-cattolica.html\"]}]},{\"@type\":\"ImageObject\",\"inLanguage\":\"fr-FR\",\"@id\":\"https:\\\/\\\/www.hotelchic.it\\\/fr\\\/la-plage-de-cattolica.html#primaryimage\",\"url\":\"https:\\\/\\\/www.hotelchic.it\\\/wp-content\\\/uploads\\\/2015\\\/10\\\/spiaggia1.jpg\",\"contentUrl\":\"https:\\\/\\\/www.hotelchic.it\\\/wp-content\\\/uploads\\\/2015\\\/10\\\/spiaggia1.jpg\",\"width\":1280,\"height\":800},{\"@type\":\"BreadcrumbList\",\"@id\":\"https:\\\/\\\/www.hotelchic.it\\\/fr\\\/la-plage-de-cattolica.html#breadcrumb\",\"itemListElement\":[{\"@type\":\"ListItem\",\"position\":1,\"name\":\"Home\",\"item\":\"https:\\\/\\\/www.hotelchic.it\\\/fr\\\/home.html\"},{\"@type\":\"ListItem\",\"position\":2,\"name\":\"La Plage\"}]},{\"@type\":\"WebSite\",\"@id\":\"https:\\\/\\\/www.hotelchic.it\\\/#website\",\"url\":\"https:\\\/\\\/www.hotelchic.it\\\/\",\"name\":\"Hotel Chic\",\"description\":\"Un nuovo sito targato WordPress\",\"potentialAction\":[{\"@type\":\"SearchAction\",\"target\":{\"@type\":\"EntryPoint\",\"urlTemplate\":\"https:\\\/\\\/www.hotelchic.it\\\/?s={search_term_string}\"},\"query-input\":{\"@type\":\"PropertyValueSpecification\",\"valueRequired\":true,\"valueName\":\"search_term_string\"}}],\"inLanguage\":\"fr-FR\"}]}<\/script>\n<!-- \/ Yoast SEO plugin. -->","yoast_head_json":{"title":"Services Plage Priv\u00e9e | Hotel Chic 3 \u00e9toiles","description":"Hotel Chic propose de nombreux services gratuits pour un s\u00e9jour d\u00e9di\u00e9 au bien-\u00eatre, de d\u00e9tente, de divertissement et beaucoup de sport.","robots":{"index":"index","follow":"follow","max-snippet":"max-snippet:-1","max-image-preview":"max-image-preview:large","max-video-preview":"max-video-preview:-1"},"canonical":"https:\/\/www.hotelchic.it\/fr\/la-plage-de-cattolica.html","og_locale":"fr_FR","og_type":"article","og_title":"Services Plage Priv\u00e9e | Hotel Chic 3 \u00e9toiles","og_description":"Hotel Chic propose de nombreux services gratuits pour un s\u00e9jour d\u00e9di\u00e9 au bien-\u00eatre, de d\u00e9tente, de divertissement et beaucoup de sport.","og_url":"https:\/\/www.hotelchic.it\/fr\/la-plage-de-cattolica.html","og_site_name":"Hotel Chic","article_modified_time":"2019-02-02T17:43:29+00:00","og_image":[{"width":1280,"height":800,"url":"https:\/\/www.hotelchic.it\/wp-content\/uploads\/2015\/10\/spiaggia1.jpg","type":"image\/jpeg"}],"schema":{"@context":"https:\/\/schema.org","@graph":[{"@type":"WebPage","@id":"https:\/\/www.hotelchic.it\/fr\/la-plage-de-cattolica.html","url":"https:\/\/www.hotelchic.it\/fr\/la-plage-de-cattolica.html","name":"Services Plage Priv\u00e9e | Hotel Chic 3 \u00e9toiles","isPartOf":{"@id":"https:\/\/www.hotelchic.it\/#website"},"primaryImageOfPage":{"@id":"https:\/\/www.hotelchic.it\/fr\/la-plage-de-cattolica.html#primaryimage"},"image":{"@id":"https:\/\/www.hotelchic.it\/fr\/la-plage-de-cattolica.html#primaryimage"},"thumbnailUrl":"https:\/\/www.hotelchic.it\/wp-content\/uploads\/2015\/10\/spiaggia1.jpg","datePublished":"2015-10-23T15:04:00+00:00","dateModified":"2019-02-02T17:43:29+00:00","description":"Hotel Chic propose de nombreux services gratuits pour un s\u00e9jour d\u00e9di\u00e9 au bien-\u00eatre, de d\u00e9tente, de divertissement et beaucoup de sport.","breadcrumb":{"@id":"https:\/\/www.hotelchic.it\/fr\/la-plage-de-cattolica.html#breadcrumb"},"inLanguage":"fr-FR","potentialAction":[{"@type":"ReadAction","target":["https:\/\/www.hotelchic.it\/fr\/la-plage-de-cattolica.html"]}]},{"@type":"ImageObject","inLanguage":"fr-FR","@id":"https:\/\/www.hotelchic.it\/fr\/la-plage-de-cattolica.html#primaryimage","url":"https:\/\/www.hotelchic.it\/wp-content\/uploads\/2015\/10\/spiaggia1.jpg","contentUrl":"https:\/\/www.hotelchic.it\/wp-content\/uploads\/2015\/10\/spiaggia1.jpg","width":1280,"height":800},{"@type":"BreadcrumbList","@id":"https:\/\/www.hotelchic.it\/fr\/la-plage-de-cattolica.html#breadcrumb","itemListElement":[{"@type":"ListItem","position":1,"name":"Home","item":"https:\/\/www.hotelchic.it\/fr\/home.html"},{"@type":"ListItem","position":2,"name":"La Plage"}]},{"@type":"WebSite","@id":"https:\/\/www.hotelchic.it\/#website","url":"https:\/\/www.hotelchic.it\/","name":"Hotel Chic","description":"Un nuovo sito targato WordPress","potentialAction":[{"@type":"SearchAction","target":{"@type":"EntryPoint","urlTemplate":"https:\/\/www.hotelchic.it\/?s={search_term_string}"},"query-input":{"@type":"PropertyValueSpecification","valueRequired":true,"valueName":"search_term_string"}}],"inLanguage":"fr-FR"}]}},"publishpress_future_action":{"enabled":false,"date":"2026-05-13 18:39:51","action":"change-status","newStatus":"draft","terms":[],"taxonomy":"translation_priority","extraData":[]},"publishpress_future_workflow_manual_trigger":{"enabledWorkflows":[]},"_links":{"self":[{"href":"https:\/\/www.hotelchic.it\/fr\/wp-json\/wp\/v2\/pages\/4435","targetHints":{"allow":["GET"]}}],"collection":[{"href":"https:\/\/www.hotelchic.it\/fr\/wp-json\/wp\/v2\/pages"}],"about":[{"href":"https:\/\/www.hotelchic.it\/fr\/wp-json\/wp\/v2\/types\/page"}],"author":[{"embeddable":true,"href":"https:\/\/www.hotelchic.it\/fr\/wp-json\/wp\/v2\/users\/22"}],"replies":[{"embeddable":true,"href":"https:\/\/www.hotelchic.it\/fr\/wp-json\/wp\/v2\/comments?post=4435"}],"version-history":[{"count":10,"href":"https:\/\/www.hotelchic.it\/fr\/wp-json\/wp\/v2\/pages\/4435\/revisions"}],"predecessor-version":[{"id":6480,"href":"https:\/\/www.hotelchic.it\/fr\/wp-json\/wp\/v2\/pages\/4435\/revisions\/6480"}],"wp:featuredmedia":[{"embeddable":true,"href":"https:\/\/www.hotelchic.it\/fr\/wp-json\/wp\/v2\/media\/4577"}],"wp:attachment":[{"href":"https:\/\/www.hotelchic.it\/fr\/wp-json\/wp\/v2\/media?parent=4435"}],"curies":[{"name":"wp","href":"https:\/\/api.w.org\/{rel}","templated":true}]}}