{"id":7020,"date":"2024-06-25T11:44:31","date_gmt":"2024-06-25T09:44:31","guid":{"rendered":"https:\/\/www.hotelchic.it\/cookie-policy.html"},"modified":"2024-06-25T11:45:28","modified_gmt":"2024-06-25T09:45:28","slug":"cookie-policy","status":"publish","type":"page","link":"https:\/\/www.hotelchic.it\/fr\/cookie-policy.html","title":{"rendered":"Cookie policy"},"content":{"rendered":"<p class=\"lead\">Ce site web utilise des cookies. Nous utilisons des cookies pour personnaliser le contenu et les publicit\u00e9s, pour fournir des fonctionnalit\u00e9s de m\u00e9dias sociaux et pour analyser notre trafic. Nous partageons \u00e9galement des informations sur la fa\u00e7on dont vous utilisez notre site avec nos partenaires d&rsquo;analyse Web, de publicit\u00e9 et de m\u00e9dias sociaux, qui peuvent les combiner avec d&rsquo;autres informations que vous leur avez fournies ou qu&rsquo;ils ont collect\u00e9es lors de votre utilisation de leurs services.<\/p>\n<p>Les cookies sont de petits fichiers texte qui peuvent \u00eatre utilis\u00e9s par les sites Web pour rendre l&rsquo;exp\u00e9rience utilisateur plus efficace.<\/p>\n<p>La loi stipule que nous pouvons stocker des cookies sur votre appareil s&rsquo;ils sont strictement n\u00e9cessaires au fonctionnement de ce site. Pour tous les autres types de cookies, nous avons besoin de votre autorisation. Ce site utilise diff\u00e9rents types de cookies. Certains cookies sont plac\u00e9s par des services tiers qui apparaissent sur nos pages. Vous pouvez modifier ou retirer votre consentement \u00e0 tout moment \u00e0 partir de la d\u00e9claration relative aux cookies sur notre site Web.<\/p>\n<p><strong>N\u00e9cessaire<\/strong><\/p>\n<p>Les cookies n\u00e9cessaires contribuent \u00e0 rendre le site Web utilisable en activant des fonctions de base telles que la navigation dans les pages et l&rsquo;acc\u00e8s aux zones prot\u00e9g\u00e9es du site. Le site Web ne peut pas fonctionner correctement sans ces cookies.<\/p>\n\t<div class=\"CookieDeclaration\" dir=\"ltr\" lang=\"fr\">\n\t\t<div class=\"CookieDeclarationType\" dir=\"ltr\" lang=\"fr\" style=\"overflow-x: auto;\">\n\t\t\t<script type=\"text\/javascript\" charset=\"UTF-8\"  data-cookiescriptreport=\"report\" src=\"\/\/report.cookie-script.com\/r\/e2f93309e8b997b5f945d78f17695faa.js\"><\/script>\n\t\t<\/div>\n\t<\/div>\n\n\t\n","protected":false},"excerpt":{"rendered":"<p>Ce site web utilise des cookies. Nous utilisons des cookies pour personnaliser le contenu et les publicit\u00e9s, pour fournir des fonctionnalit\u00e9s de m\u00e9dias sociaux et pour analyser notre trafic. Nous partageons \u00e9galement des informations sur la fa\u00e7on dont vous utilisez notre site avec nos partenaires d&rsquo;analyse Web, de publicit\u00e9 et de m\u00e9dias sociaux, qui peuvent [&hellip;]<\/p>\n","protected":false},"author":22,"featured_media":0,"parent":0,"menu_order":0,"comment_status":"closed","ping_status":"closed","template":"page-pagina-bianca.php","meta":{"_acf_changed":false,"footnotes":""},"class_list":["post-7020","page","type-page","status-publish","hentry"],"acf":[],"yoast_head":"<!-- This site is optimized with the Yoast SEO plugin v27.4 - https:\/\/yoast.com\/product\/yoast-seo-wordpress\/ -->\n<title>Cookie policy - Hotel Chic<\/title>\n<meta name=\"robots\" content=\"index, follow, max-snippet:-1, max-image-preview:large, max-video-preview:-1\" \/>\n<link rel=\"canonical\" href=\"https:\/\/www.hotelchic.it\/fr\/cookie-policy.html\" \/>\n<meta property=\"og:locale\" content=\"fr_FR\" \/>\n<meta property=\"og:type\" content=\"article\" \/>\n<meta property=\"og:title\" content=\"Cookie policy - Hotel Chic\" \/>\n<meta property=\"og:description\" content=\"Ce site web utilise des cookies. Nous utilisons des cookies pour personnaliser le contenu et les publicit\u00e9s, pour fournir des fonctionnalit\u00e9s de m\u00e9dias sociaux et pour analyser notre trafic. Nous partageons \u00e9galement des informations sur la fa\u00e7on dont vous utilisez notre site avec nos partenaires d&rsquo;analyse Web, de publicit\u00e9 et de m\u00e9dias sociaux, qui peuvent [&hellip;]\" \/>\n<meta property=\"og:url\" content=\"https:\/\/www.hotelchic.it\/fr\/cookie-policy.html\" \/>\n<meta property=\"og:site_name\" content=\"Hotel Chic\" \/>\n<meta property=\"article:modified_time\" content=\"2024-06-25T09:45:28+00:00\" \/>\n<meta name=\"twitter:label1\" content=\"Dur\u00e9e de lecture estim\u00e9e\" \/>\n\t<meta name=\"twitter:data1\" content=\"1 minute\" \/>\n<script type=\"application\/ld+json\" class=\"yoast-schema-graph\">{\"@context\":\"https:\\\/\\\/schema.org\",\"@graph\":[{\"@type\":\"WebPage\",\"@id\":\"https:\\\/\\\/www.hotelchic.it\\\/fr\\\/cookie-policy.html\",\"url\":\"https:\\\/\\\/www.hotelchic.it\\\/fr\\\/cookie-policy.html\",\"name\":\"Cookie policy - Hotel Chic\",\"isPartOf\":{\"@id\":\"https:\\\/\\\/www.hotelchic.it\\\/#website\"},\"datePublished\":\"2024-06-25T09:44:31+00:00\",\"dateModified\":\"2024-06-25T09:45:28+00:00\",\"breadcrumb\":{\"@id\":\"https:\\\/\\\/www.hotelchic.it\\\/fr\\\/cookie-policy.html#breadcrumb\"},\"inLanguage\":\"fr-FR\",\"potentialAction\":[{\"@type\":\"ReadAction\",\"target\":[\"https:\\\/\\\/www.hotelchic.it\\\/fr\\\/cookie-policy.html\"]}]},{\"@type\":\"BreadcrumbList\",\"@id\":\"https:\\\/\\\/www.hotelchic.it\\\/fr\\\/cookie-policy.html#breadcrumb\",\"itemListElement\":[{\"@type\":\"ListItem\",\"position\":1,\"name\":\"Home\",\"item\":\"https:\\\/\\\/www.hotelchic.it\\\/fr\\\/home.html\"},{\"@type\":\"ListItem\",\"position\":2,\"name\":\"Cookie policy\"}]},{\"@type\":\"WebSite\",\"@id\":\"https:\\\/\\\/www.hotelchic.it\\\/#website\",\"url\":\"https:\\\/\\\/www.hotelchic.it\\\/\",\"name\":\"Hotel Chic\",\"description\":\"Un nuovo sito targato WordPress\",\"potentialAction\":[{\"@type\":\"SearchAction\",\"target\":{\"@type\":\"EntryPoint\",\"urlTemplate\":\"https:\\\/\\\/www.hotelchic.it\\\/?s={search_term_string}\"},\"query-input\":{\"@type\":\"PropertyValueSpecification\",\"valueRequired\":true,\"valueName\":\"search_term_string\"}}],\"inLanguage\":\"fr-FR\"}]}<\/script>\n<!-- \/ Yoast SEO plugin. -->","yoast_head_json":{"title":"Cookie policy - Hotel Chic","robots":{"index":"index","follow":"follow","max-snippet":"max-snippet:-1","max-image-preview":"max-image-preview:large","max-video-preview":"max-video-preview:-1"},"canonical":"https:\/\/www.hotelchic.it\/fr\/cookie-policy.html","og_locale":"fr_FR","og_type":"article","og_title":"Cookie policy - Hotel Chic","og_description":"Ce site web utilise des cookies. Nous utilisons des cookies pour personnaliser le contenu et les publicit\u00e9s, pour fournir des fonctionnalit\u00e9s de m\u00e9dias sociaux et pour analyser notre trafic. Nous partageons \u00e9galement des informations sur la fa\u00e7on dont vous utilisez notre site avec nos partenaires d&rsquo;analyse Web, de publicit\u00e9 et de m\u00e9dias sociaux, qui peuvent [&hellip;]","og_url":"https:\/\/www.hotelchic.it\/fr\/cookie-policy.html","og_site_name":"Hotel Chic","article_modified_time":"2024-06-25T09:45:28+00:00","twitter_misc":{"Dur\u00e9e de lecture estim\u00e9e":"1 minute"},"schema":{"@context":"https:\/\/schema.org","@graph":[{"@type":"WebPage","@id":"https:\/\/www.hotelchic.it\/fr\/cookie-policy.html","url":"https:\/\/www.hotelchic.it\/fr\/cookie-policy.html","name":"Cookie policy - Hotel Chic","isPartOf":{"@id":"https:\/\/www.hotelchic.it\/#website"},"datePublished":"2024-06-25T09:44:31+00:00","dateModified":"2024-06-25T09:45:28+00:00","breadcrumb":{"@id":"https:\/\/www.hotelchic.it\/fr\/cookie-policy.html#breadcrumb"},"inLanguage":"fr-FR","potentialAction":[{"@type":"ReadAction","target":["https:\/\/www.hotelchic.it\/fr\/cookie-policy.html"]}]},{"@type":"BreadcrumbList","@id":"https:\/\/www.hotelchic.it\/fr\/cookie-policy.html#breadcrumb","itemListElement":[{"@type":"ListItem","position":1,"name":"Home","item":"https:\/\/www.hotelchic.it\/fr\/home.html"},{"@type":"ListItem","position":2,"name":"Cookie policy"}]},{"@type":"WebSite","@id":"https:\/\/www.hotelchic.it\/#website","url":"https:\/\/www.hotelchic.it\/","name":"Hotel Chic","description":"Un nuovo sito targato WordPress","potentialAction":[{"@type":"SearchAction","target":{"@type":"EntryPoint","urlTemplate":"https:\/\/www.hotelchic.it\/?s={search_term_string}"},"query-input":{"@type":"PropertyValueSpecification","valueRequired":true,"valueName":"search_term_string"}}],"inLanguage":"fr-FR"}]}},"publishpress_future_action":{"enabled":false,"date":"2026-05-07 16:29:47","action":"change-status","newStatus":"draft","terms":[],"taxonomy":"translation_priority","extraData":[]},"publishpress_future_workflow_manual_trigger":{"enabledWorkflows":[]},"_links":{"self":[{"href":"https:\/\/www.hotelchic.it\/fr\/wp-json\/wp\/v2\/pages\/7020","targetHints":{"allow":["GET"]}}],"collection":[{"href":"https:\/\/www.hotelchic.it\/fr\/wp-json\/wp\/v2\/pages"}],"about":[{"href":"https:\/\/www.hotelchic.it\/fr\/wp-json\/wp\/v2\/types\/page"}],"author":[{"embeddable":true,"href":"https:\/\/www.hotelchic.it\/fr\/wp-json\/wp\/v2\/users\/22"}],"replies":[{"embeddable":true,"href":"https:\/\/www.hotelchic.it\/fr\/wp-json\/wp\/v2\/comments?post=7020"}],"version-history":[{"count":1,"href":"https:\/\/www.hotelchic.it\/fr\/wp-json\/wp\/v2\/pages\/7020\/revisions"}],"predecessor-version":[{"id":7023,"href":"https:\/\/www.hotelchic.it\/fr\/wp-json\/wp\/v2\/pages\/7020\/revisions\/7023"}],"wp:attachment":[{"href":"https:\/\/www.hotelchic.it\/fr\/wp-json\/wp\/v2\/media?parent=7020"}],"curies":[{"name":"wp","href":"https:\/\/api.w.org\/{rel}","templated":true}]}}