{"id":7035,"date":"2015-05-27T16:52:03","date_gmt":"2015-05-27T14:52:03","guid":{"rendered":"https:\/\/www.hotelchic.it\/privacy-policy.html"},"modified":"2024-06-25T12:14:07","modified_gmt":"2024-06-25T10:14:07","slug":"privacy-policy","status":"publish","type":"page","link":"https:\/\/www.hotelchic.it\/fr\/privacy-policy.html","title":{"rendered":"Privacy Policy"},"content":{"rendered":"<h3>Traitement des donn\u00e9es personnelles<\/h3>\n<p class=\"lead\">A Hotel Chic, nous consid\u00e9rons la protection de votre vie priv\u00e9e comme tr\u00e8s importante; pour cette raison, nous traitons les donn\u00e9es vous concernant avec soin, conform\u00e9ment au D.L\u00e9gisl. n\u00b0 196\/2003 du Code en mati\u00e8re de protection des donn\u00e9es personnelles, nous r\u00e9f\u00e9rant \u00e9galement \u00e0 la Recommandation n\u00b0 2\/2001 que les autorit\u00e9s europ\u00e9ennes pour la protection des donn\u00e9es personnelles, r\u00e9unies au sein du groupe institu\u00e9 par l\u2019art.29 de la directive europ\u00e9enne n\u00b095\/46\/CE, ont adopt\u00e9 le 17 mai 2001 afin de d\u00e9terminer certaines exigences minimales concernant la collecte des donn\u00e9es personnelles en ligne.<\/p>\n<p><strong>Titulaire du traitement de donn\u00e9es<\/strong><\/p>\n<p>A la suite de la consultation de ce site, des donn\u00e9es relatives \u00e0 des personnes identifi\u00e9es ou identifiables peuvent \u00eatre trait\u00e9es. Le titulaire du traitement de donn\u00e9es est: Hotel Chic, Via Parma, 3 &#8211; 47841 Cattolica (RN), hotelchic@parkhotels.it, TVA N\u00b0 00228150405 &#8211; CIR: 099002-AL-00053.<\/p>\n<p><strong>Nature facultative de la fourniture de donn\u00e9es<\/strong><\/p>\n<p>L\u2019utilisateur est libre de fournir les donn\u00e9es personnelles figurant sur les formulaires de demande \u00e0 Hotel Chic ou indiqu\u00e9es quoi qu\u2019il en soit dans des contacts pour demander l\u2019envoi de mat\u00e9riel informatif ou d\u2019autres communications. Leur non-fourniture peut comporter l\u2019impossibilit\u00e9 d\u2019obtenir les informations\/prestations demand\u00e9es.<\/p>\n<p><strong>Modalit\u00e9s du traitement<\/strong><\/p>\n<p>Les donn\u00e9es personnelles sont trait\u00e9es \u00e0 l\u2019aide d\u2019instruments automatis\u00e9s pour la p\u00e9riode de temps strictement n\u00e9cessaire \u00e0 atteindre les buts pour lesquels elles ont \u00e9t\u00e9 collect\u00e9es. De sp\u00e9cifiques mesures de s\u00e9curit\u00e9 sont observ\u00e9es pour pr\u00e9venir la perte des donn\u00e9es, leur utilisation illicite ou incorrecte et tout acc\u00e8s non autoris\u00e9 \u00e0 celles-ci.<\/p>\n<p><strong>Droits des personnes int\u00e9ress\u00e9es<\/strong><\/p>\n<p>Les personnes concern\u00e9es par les donn\u00e9es personnelles disposent \u00e0 tout moment du droit d\u2019obtenir la confirmation de l\u2019existence ou non de ces m\u00eames donn\u00e9es et d\u2019en conna\u00eetre le contenu et l\u2019origine, d\u2019en v\u00e9rifier l\u2019exactitude ou d\u2019en demander l\u2019int\u00e9gration ou la mise \u00e0 jour, ou encore la rectification (art.7 du D. L\u00e9gisl. n\u00b0 196\/2003). Aux termes du m\u00eame article, elles disposent du droit de demander l\u2019effacement, la transformation sous forme anonyme ou le blocage des donn\u00e9es trait\u00e9es en violation de la loi, ainsi que de s\u2019opposer, de toute fa\u00e7on, pour des motifs l\u00e9gitimes, \u00e0 leur traitement.<\/p>\n<p>En cas de doutes concernant le respect de la politique de confidentialit\u00e9 adopt\u00e9e par Hotel Chic, vous pouvez nous contacter \u00e0 l\u2019adresse e-mail: <a href=\"mailto:hotelchic@parkhotels.it\">hotelchic@parkhotels.it<\/a>.<\/p>\n","protected":false},"excerpt":{"rendered":"<p>Traitement des donn\u00e9es personnelles A Hotel Chic, nous consid\u00e9rons la protection de votre vie priv\u00e9e comme tr\u00e8s importante; pour cette raison, nous traitons les donn\u00e9es vous concernant avec soin, conform\u00e9ment au D.L\u00e9gisl. n\u00b0 196\/2003 du Code en mati\u00e8re de protection des donn\u00e9es personnelles, nous r\u00e9f\u00e9rant \u00e9galement \u00e0 la Recommandation n\u00b0 2\/2001 que les autorit\u00e9s europ\u00e9ennes [&hellip;]<\/p>\n","protected":false},"author":22,"featured_media":0,"parent":0,"menu_order":0,"comment_status":"closed","ping_status":"closed","template":"page-pagina-bianca.php","meta":{"_acf_changed":false,"footnotes":""},"class_list":["post-7035","page","type-page","status-publish","hentry"],"acf":[],"yoast_head":"<!-- This site is optimized with the Yoast SEO plugin v27.4 - https:\/\/yoast.com\/product\/yoast-seo-wordpress\/ -->\n<title>Privacy Policy - Hotel Chic<\/title>\n<meta name=\"robots\" content=\"index, follow, max-snippet:-1, max-image-preview:large, max-video-preview:-1\" \/>\n<link rel=\"canonical\" href=\"https:\/\/www.hotelchic.it\/fr\/privacy-policy.html\" \/>\n<meta property=\"og:locale\" content=\"fr_FR\" \/>\n<meta property=\"og:type\" content=\"article\" \/>\n<meta property=\"og:title\" content=\"Privacy Policy - Hotel Chic\" \/>\n<meta property=\"og:description\" content=\"Traitement des donn\u00e9es personnelles A Hotel Chic, nous consid\u00e9rons la protection de votre vie priv\u00e9e comme tr\u00e8s importante; pour cette raison, nous traitons les donn\u00e9es vous concernant avec soin, conform\u00e9ment au D.L\u00e9gisl. n\u00b0 196\/2003 du Code en mati\u00e8re de protection des donn\u00e9es personnelles, nous r\u00e9f\u00e9rant \u00e9galement \u00e0 la Recommandation n\u00b0 2\/2001 que les autorit\u00e9s europ\u00e9ennes [&hellip;]\" \/>\n<meta property=\"og:url\" content=\"https:\/\/www.hotelchic.it\/fr\/privacy-policy.html\" \/>\n<meta property=\"og:site_name\" content=\"Hotel Chic\" \/>\n<meta property=\"article:modified_time\" content=\"2024-06-25T10:14:07+00:00\" \/>\n<meta name=\"twitter:label1\" content=\"Dur\u00e9e de lecture estim\u00e9e\" \/>\n\t<meta name=\"twitter:data1\" content=\"2 minutes\" \/>\n<script type=\"application\/ld+json\" class=\"yoast-schema-graph\">{\"@context\":\"https:\\\/\\\/schema.org\",\"@graph\":[{\"@type\":\"WebPage\",\"@id\":\"https:\\\/\\\/www.hotelchic.it\\\/fr\\\/privacy-policy.html\",\"url\":\"https:\\\/\\\/www.hotelchic.it\\\/fr\\\/privacy-policy.html\",\"name\":\"Privacy Policy - Hotel Chic\",\"isPartOf\":{\"@id\":\"https:\\\/\\\/www.hotelchic.it\\\/#website\"},\"datePublished\":\"2015-05-27T14:52:03+00:00\",\"dateModified\":\"2024-06-25T10:14:07+00:00\",\"breadcrumb\":{\"@id\":\"https:\\\/\\\/www.hotelchic.it\\\/fr\\\/privacy-policy.html#breadcrumb\"},\"inLanguage\":\"fr-FR\",\"potentialAction\":[{\"@type\":\"ReadAction\",\"target\":[\"https:\\\/\\\/www.hotelchic.it\\\/fr\\\/privacy-policy.html\"]}]},{\"@type\":\"BreadcrumbList\",\"@id\":\"https:\\\/\\\/www.hotelchic.it\\\/fr\\\/privacy-policy.html#breadcrumb\",\"itemListElement\":[{\"@type\":\"ListItem\",\"position\":1,\"name\":\"Home\",\"item\":\"https:\\\/\\\/www.hotelchic.it\\\/fr\\\/home.html\"},{\"@type\":\"ListItem\",\"position\":2,\"name\":\"Privacy Policy\"}]},{\"@type\":\"WebSite\",\"@id\":\"https:\\\/\\\/www.hotelchic.it\\\/#website\",\"url\":\"https:\\\/\\\/www.hotelchic.it\\\/\",\"name\":\"Hotel Chic\",\"description\":\"Un nuovo sito targato WordPress\",\"potentialAction\":[{\"@type\":\"SearchAction\",\"target\":{\"@type\":\"EntryPoint\",\"urlTemplate\":\"https:\\\/\\\/www.hotelchic.it\\\/?s={search_term_string}\"},\"query-input\":{\"@type\":\"PropertyValueSpecification\",\"valueRequired\":true,\"valueName\":\"search_term_string\"}}],\"inLanguage\":\"fr-FR\"}]}<\/script>\n<!-- \/ Yoast SEO plugin. -->","yoast_head_json":{"title":"Privacy Policy - Hotel Chic","robots":{"index":"index","follow":"follow","max-snippet":"max-snippet:-1","max-image-preview":"max-image-preview:large","max-video-preview":"max-video-preview:-1"},"canonical":"https:\/\/www.hotelchic.it\/fr\/privacy-policy.html","og_locale":"fr_FR","og_type":"article","og_title":"Privacy Policy - Hotel Chic","og_description":"Traitement des donn\u00e9es personnelles A Hotel Chic, nous consid\u00e9rons la protection de votre vie priv\u00e9e comme tr\u00e8s importante; pour cette raison, nous traitons les donn\u00e9es vous concernant avec soin, conform\u00e9ment au D.L\u00e9gisl. n\u00b0 196\/2003 du Code en mati\u00e8re de protection des donn\u00e9es personnelles, nous r\u00e9f\u00e9rant \u00e9galement \u00e0 la Recommandation n\u00b0 2\/2001 que les autorit\u00e9s europ\u00e9ennes [&hellip;]","og_url":"https:\/\/www.hotelchic.it\/fr\/privacy-policy.html","og_site_name":"Hotel Chic","article_modified_time":"2024-06-25T10:14:07+00:00","twitter_misc":{"Dur\u00e9e de lecture estim\u00e9e":"2 minutes"},"schema":{"@context":"https:\/\/schema.org","@graph":[{"@type":"WebPage","@id":"https:\/\/www.hotelchic.it\/fr\/privacy-policy.html","url":"https:\/\/www.hotelchic.it\/fr\/privacy-policy.html","name":"Privacy Policy - Hotel Chic","isPartOf":{"@id":"https:\/\/www.hotelchic.it\/#website"},"datePublished":"2015-05-27T14:52:03+00:00","dateModified":"2024-06-25T10:14:07+00:00","breadcrumb":{"@id":"https:\/\/www.hotelchic.it\/fr\/privacy-policy.html#breadcrumb"},"inLanguage":"fr-FR","potentialAction":[{"@type":"ReadAction","target":["https:\/\/www.hotelchic.it\/fr\/privacy-policy.html"]}]},{"@type":"BreadcrumbList","@id":"https:\/\/www.hotelchic.it\/fr\/privacy-policy.html#breadcrumb","itemListElement":[{"@type":"ListItem","position":1,"name":"Home","item":"https:\/\/www.hotelchic.it\/fr\/home.html"},{"@type":"ListItem","position":2,"name":"Privacy Policy"}]},{"@type":"WebSite","@id":"https:\/\/www.hotelchic.it\/#website","url":"https:\/\/www.hotelchic.it\/","name":"Hotel Chic","description":"Un nuovo sito targato WordPress","potentialAction":[{"@type":"SearchAction","target":{"@type":"EntryPoint","urlTemplate":"https:\/\/www.hotelchic.it\/?s={search_term_string}"},"query-input":{"@type":"PropertyValueSpecification","valueRequired":true,"valueName":"search_term_string"}}],"inLanguage":"fr-FR"}]}},"publishpress_future_action":{"enabled":false,"date":"2026-05-07 15:27:29","action":"change-status","newStatus":"draft","terms":[],"taxonomy":"translation_priority","extraData":[]},"publishpress_future_workflow_manual_trigger":{"enabledWorkflows":[]},"_links":{"self":[{"href":"https:\/\/www.hotelchic.it\/fr\/wp-json\/wp\/v2\/pages\/7035","targetHints":{"allow":["GET"]}}],"collection":[{"href":"https:\/\/www.hotelchic.it\/fr\/wp-json\/wp\/v2\/pages"}],"about":[{"href":"https:\/\/www.hotelchic.it\/fr\/wp-json\/wp\/v2\/types\/page"}],"author":[{"embeddable":true,"href":"https:\/\/www.hotelchic.it\/fr\/wp-json\/wp\/v2\/users\/22"}],"replies":[{"embeddable":true,"href":"https:\/\/www.hotelchic.it\/fr\/wp-json\/wp\/v2\/comments?post=7035"}],"version-history":[{"count":3,"href":"https:\/\/www.hotelchic.it\/fr\/wp-json\/wp\/v2\/pages\/7035\/revisions"}],"predecessor-version":[{"id":7041,"href":"https:\/\/www.hotelchic.it\/fr\/wp-json\/wp\/v2\/pages\/7035\/revisions\/7041"}],"wp:attachment":[{"href":"https:\/\/www.hotelchic.it\/fr\/wp-json\/wp\/v2\/media?parent=7035"}],"curies":[{"name":"wp","href":"https:\/\/api.w.org\/{rel}","templated":true}]}}